{"id":10614,"date":"2016-03-26T07:05:55","date_gmt":"2016-03-26T07:05:55","guid":{"rendered":"http:\/\/digitallaw-data.thememountdemo.com\/?page_id=10614"},"modified":"2021-10-12T18:41:56","modified_gmt":"2021-10-12T18:41:56","slug":"attorney-style-3","status":"publish","type":"page","link":"https:\/\/www.richterkanzlei.de\/index.php\/attorney-style-3\/","title":{"rendered":"Rechtsanwalt"},"content":{"rendered":"<p>[vc_row full_width=&#8221;stretch_row_content&#8221;][vc_column css=&#8221;.vc_custom_1633419348696{background-position: center !important;background-repeat: no-repeat !important;background-size: cover !important;}&#8221; offset=&#8221;vc_col-lg-offset-0 vc_col-lg-4\/5&#8243;]\n\t<div class=\"thememount-team-wrapper thememount-effect-default thememount-items-col-two kwayy-boxes-sortable-no  \" ><div class=\"row multi-columns-row thememount-items-wrapper  \">\n\t<div class=\"tm-box col-lg-6 col-sm-6 col-md-6 col-xs-12 tm-box-style-leftimage personal-injury\"><div class=\"thememount-team-box\"><div class=\"row\"><div class=\"thememount-team-img-left col-md-6\"><a class=\"tm-team-imglink\" href=\"https:\/\/www.richterkanzlei.de\/index.php\/lawyer\/william-stiller\/\"><span class=\"overthumb\"><i class=\"tm-social-icon-plus\"><\/i><\/span><\/a><\/div><!-- .thememount-team-img --><div class=\"thememount-team-data-right col-md-6\"><div class=\"thememount-team-data-right-inner\"><h3 class=\"thememount-team-title\"><a href=\"https:\/\/www.richterkanzlei.de\/index.php\/lawyer\/william-stiller\/\">Lars Richter<\/a><\/h3><h4 class=\"thememount-team-position\">Rechtsanwalt<\/h4><div class=\"thememount-team-short-desc\">Rechtsanwalt Lars Richter besitzt in den Bereichen Nachlass, Betreuungen und Mediation eine jahrelange Erfahrung. Neben dem Studium der Rechtswissenschaft schloss er ebenso das Studium der Wirtschaftswissenschaften ab. Durch die duale Kompetenz hat Herr Richter neben der rechtlichen Einordnung von Themen auch stets ein Augenmerk darauf f\u00fcr seine Mandanten wirtschaftlich sinnvolle L\u00f6sungsans\u00e4tze zu finden.<\/div><!-- .thememount-team-short-desc --><div class=\"thememount-team-social-links\"><ul><li class=\"thememount-social-email\"><a href=\"mailto:richter@richterkanzlei.de\" class=\"hint--top\" data-hint=\"Email\" ><i class=\"fa fa-envelope-o\"><\/i><\/a><\/li><\/ul><\/div><div class=\"thememount-team-phoneemail\"><div class=\"thememount-team-phone\"><span class=\"tm-skincolor\">Telefon:<\/span>  <a href=\"tel:0421 - 9594540\">0421 - 9594540<\/a><\/div><div class=\"thememount-team-email\"><span class=\"tm-skincolor\">E-mail:<\/span>  <a href=\"mailto:richter@richterkanzlei.de\">richter@richterkanzlei.de<\/a><\/div><\/div><\/div><\/div><\/div><\/div>\n\t<\/div>\n\t<\/div><\/div>[\/vc_column][\/vc_row]<\/p>\n","protected":false},"excerpt":{"rendered":"<p>[vc_row full_width=&#8221;stretch_row_content&#8221;][vc_column css=&#8221;.vc_custom_1633419348696{background-position: center !important;background-repeat: no-repeat !important;background-size: cover !important;}&#8221; offset=&#8221;vc_col-lg-offset-0 vc_col-lg-4\/5&#8243;][\/vc_column][\/vc_row]<\/p>\n","protected":false},"author":1,"featured_media":0,"parent":0,"menu_order":18,"comment_status":"closed","ping_status":"closed","template":"","meta":{"footnotes":""},"class_list":["post-10614","page","type-page","status-publish","hentry"],"_links":{"self":[{"href":"https:\/\/www.richterkanzlei.de\/index.php\/wp-json\/wp\/v2\/pages\/10614","targetHints":{"allow":["GET"]}}],"collection":[{"href":"https:\/\/www.richterkanzlei.de\/index.php\/wp-json\/wp\/v2\/pages"}],"about":[{"href":"https:\/\/www.richterkanzlei.de\/index.php\/wp-json\/wp\/v2\/types\/page"}],"author":[{"embeddable":true,"href":"https:\/\/www.richterkanzlei.de\/index.php\/wp-json\/wp\/v2\/users\/1"}],"replies":[{"embeddable":true,"href":"https:\/\/www.richterkanzlei.de\/index.php\/wp-json\/wp\/v2\/comments?post=10614"}],"version-history":[{"count":4,"href":"https:\/\/www.richterkanzlei.de\/index.php\/wp-json\/wp\/v2\/pages\/10614\/revisions"}],"predecessor-version":[{"id":11087,"href":"https:\/\/www.richterkanzlei.de\/index.php\/wp-json\/wp\/v2\/pages\/10614\/revisions\/11087"}],"wp:attachment":[{"href":"https:\/\/www.richterkanzlei.de\/index.php\/wp-json\/wp\/v2\/media?parent=10614"}],"curies":[{"name":"wp","href":"https:\/\/api.w.org\/{rel}","templated":true}]}}