{"id":5208,"date":"2015-07-09T07:58:10","date_gmt":"2015-07-09T07:58:10","guid":{"rendered":"http:\/\/olinia-data.thememountdemo.com\/?page_id=5208"},"modified":"2021-10-13T10:34:01","modified_gmt":"2021-10-13T10:34:01","slug":"call-to-action","status":"publish","type":"page","link":"https:\/\/www.richterkanzlei.de\/index.php\/call-to-action\/","title":{"rendered":"Impressum"},"content":{"rendered":"<p>[vc_row css=&#8221;.vc_custom_1455620221206{padding-bottom: 40px !important;}&#8221;][vc_column][vc_cta h2=&#8221;Impressum&#8221;]<strong>Anga\u00adben gem\u00e4\u00df \u00a7 5 Tele\u00adme\u00addi\u00aden\u00adge\u00adsetz (TMG)<br \/>\nAnga\u00adben gem\u00e4\u00df \u00a7 2 Dienstleistungs-Informationspflichten-Verordnung (DL-InfoV)<\/strong><\/p>\n<p><strong>Name<br \/>\n<\/strong>Rechtsanwalt Lars Richter<\/p>\n<p><strong>Anschrift \/ Kon\u00adtakt\u00adauf\u00adnahme<\/strong><\/p>\n<p>Hauffstr. 15<br \/>\n28217 Bre\u00admen<br \/>\nTel.: + 49 \u2013 421 \u2013 959 4540<br \/>\nFax: + 49 \u2013 421 \u2013 959 4438<br \/>\nE-Mail: <u><a href=\"mailto:info@richterkanzlei.de\">info@richterkanzlei.de<\/a><\/u><\/p>\n<p><strong>\u00a755 RStV<br \/>\n<\/strong><\/p>\n<p>Verantwortlich f\u00fcr redaktionelle Inhalte: Lars Richter.<\/p>\n<p><strong>Sitz und Vertretung<\/strong><\/p>\n<p>Sitz der Kanzlei Richter ist Bremen. Vertreten wird die Kanzlei Richter durch Rechtsanwalt Lars Richter.<\/p>\n<p><strong>Rechts\u00adan\u00adwalts\u00adzu\u00adlas\u00adsung \/ Berufs\u00adbe\u00adzeich\u00adnung der Berufs\u00adtr\u00e4\u00adger<br \/>\n<\/strong>Der der Kanzlei Richter t\u00e4ti\u00adge Berufs\u00adtr\u00e4\u00adger f\u00fch\u00adrt die Berufs\u00adbe\u00adzeich\u00adnung \u201eRechts\u00adan\u00adwalt\u201c. Er ist als Rechts\u00adan\u00adwalt in der Bun\u00addes\u00adre\u00adpu\u00adblik Deutsch\u00adland zuge\u00adlas\u00adsen. Die Berufs\u00adbe\u00adzeich\u00adnung Rechts\u00adan\u00adwalt wird auf\u00adgrund bun\u00addes\u00addeut\u00adscher Rechts\u00adnor\u00admen nach einem beson\u00adde\u00adren Zulas\u00adsungs\u00adver\u00adfah\u00adren durch die zust\u00e4n\u00addige Rechts\u00adan\u00adwalts\u00adkam\u00admer zuer\u00adkannt.<\/p>\n<p><strong>Kam\u00admer\u00adzu\u00adge\u00adh\u00f6\u00adrig\u00adkeit<br \/>\n<\/strong>Der f\u00fcr die Kanzlei Richter t\u00e4ti\u00adge Rechts\u00adan\u00adwalt ist Mit\u00adglie\u00add fol\u00adgen\u00adder Rechts\u00adan\u00adwalts\u00adkam\u00admer:<\/p>\n<p>Han\u00adsea\u00adti\u00adsche Rechts\u00adan\u00adwalts\u00adkam\u00admer Bre\u00admen<br \/>\nKno\u00adchen\u00adhau\u00ader\u00adstra\u00dfe 36\/37<br \/>\n28195 Bre\u00admen<\/p>\n<p>Diese Rechts\u00adan\u00adwalts\u00adkam\u00admer ist Mit\u00adglied der\u00a0<a href=\"http:\/\/www.brak.de\/\">Bun\u00addes\u00adrechts\u00adan\u00adwalts\u00adkam\u00admer<\/a>.<\/p>\n<p><strong>Berufshaftpflichtversicherung<\/strong><\/p>\n<p>Die Berufshaftpflichtversicherung besteht f\u00fcr Rechtsanwalt Lars Richter bei der Allianz Versicherungs-Aktiengesellschaft, K\u00f6niginstra\u00dfe 28, 80802 M\u00fcnchen.<\/p>\n<p><strong>Streitbeilegungsverfahren vor einer Verbraucherschlichtungsstelle<\/strong><\/p>\n<p>Ich bin zur Teilnahme an einem Streitbeilegungsverfahren vor einer Verbraucherschlichtungsstelle weder bereit noch verpflichtet.<\/p>\n<p><strong>Berufs\u00adrecht\u00adli\u00adche Rege\u00adlun\u00adgen der Rechts\u00adan\u00adw\u00e4lte<\/strong><\/p>\n<p>Rechts\u00adan\u00adw\u00e4lte unter\u00adlie\u00adgen fol\u00adgen\u00adden berufs\u00adrecht\u00adli\u00adchen Vor\u00adschrif\u00adten:<\/p>\n<ul>\n<li>Bun\u00addes\u00adrechts\u00adan\u00adwalts\u00adord\u00adnung (BRAO)<\/li>\n<li>Berufs\u00adord\u00adnung f\u00fcr Rechts\u00adan\u00adw\u00e4lte (BORA)<\/li>\n<li>Fach\u00adan\u00adwal\u00adts\u00adord\u00adnung<\/li>\n<li>Rechts\u00adan\u00adwalts\u00adver\u00adg\u00fc\u00adtungs\u00adge\u00adsetz (RVG)<\/li>\n<li>Berufs\u00adre\u00adgeln der Rechts\u00adan\u00adw\u00e4lte der Euro\u00adp\u00e4i\u00adschen Union<\/li>\n<\/ul>\n<p>Diese Vor\u00adschrif\u00adten k\u00f6n\u00adnen abge\u00adru\u00adfen wer\u00adden bei der Bun\u00addes\u00adrechts\u00adan\u00adwalts\u00adkam\u00admer.<\/p>\n<p><strong>Wesent\u00adli\u00adche Merk\u00admale der Dienst\u00adleis\u00adtung<br \/>\n<\/strong>Rechts\u00adbe\u00adra\u00adtung[\/vc_cta][\/vc_column][\/vc_row]<\/p>\n","protected":false},"excerpt":{"rendered":"<p>[vc_row css=&#8221;.vc_custom_1455620221206{padding-bottom: 40px !important;}&#8221;][vc_column][vc_cta h2=&#8221;Impressum&#8221;]Anga\u00adben gem\u00e4\u00df \u00a7 5 Tele\u00adme\u00addi\u00aden\u00adge\u00adsetz (TMG) Anga\u00adben gem\u00e4\u00df \u00a7 2 Dienstleistungs-Informationspflichten-Verordnung (DL-InfoV) Name Rechtsanwalt Lars Richter Anschrift \/ Kon\u00adtakt\u00adauf\u00adnahme Hauffstr. 15 28217 Bre\u00admen Tel.: + 49 \u2013 421 \u2013 959 4540 Fax: + 49 \u2013 421 \u2013 959 4438 E-Mail: info@richterkanzlei.de \u00a755 RStV Verantwortlich f\u00fcr redaktionelle Inhalte: Lars Richter. Sitz und [&hellip;]<\/p>\n","protected":false},"author":1,"featured_media":0,"parent":0,"menu_order":54,"comment_status":"closed","ping_status":"open","template":"","meta":{"footnotes":""},"class_list":["post-5208","page","type-page","status-publish","hentry"],"_links":{"self":[{"href":"https:\/\/www.richterkanzlei.de\/index.php\/wp-json\/wp\/v2\/pages\/5208","targetHints":{"allow":["GET"]}}],"collection":[{"href":"https:\/\/www.richterkanzlei.de\/index.php\/wp-json\/wp\/v2\/pages"}],"about":[{"href":"https:\/\/www.richterkanzlei.de\/index.php\/wp-json\/wp\/v2\/types\/page"}],"author":[{"embeddable":true,"href":"https:\/\/www.richterkanzlei.de\/index.php\/wp-json\/wp\/v2\/users\/1"}],"replies":[{"embeddable":true,"href":"https:\/\/www.richterkanzlei.de\/index.php\/wp-json\/wp\/v2\/comments?post=5208"}],"version-history":[{"count":6,"href":"https:\/\/www.richterkanzlei.de\/index.php\/wp-json\/wp\/v2\/pages\/5208\/revisions"}],"predecessor-version":[{"id":11090,"href":"https:\/\/www.richterkanzlei.de\/index.php\/wp-json\/wp\/v2\/pages\/5208\/revisions\/11090"}],"wp:attachment":[{"href":"https:\/\/www.richterkanzlei.de\/index.php\/wp-json\/wp\/v2\/media?parent=5208"}],"curies":[{"name":"wp","href":"https:\/\/api.w.org\/{rel}","templated":true}]}}