{"id":77,"date":"2014-07-21T07:08:03","date_gmt":"2014-07-21T07:08:03","guid":{"rendered":"http:\/\/apicona-data.thememount.com\/?page_id=77"},"modified":"2021-10-06T09:53:26","modified_gmt":"2021-10-06T09:53:26","slug":"about-us","status":"publish","type":"page","link":"https:\/\/www.richterkanzlei.de\/index.php\/about-us\/","title":{"rendered":"\u00dcber uns"},"content":{"rendered":"<p>[vc_row css=&#8221;.vc_custom_1457085783072{padding-bottom: 70px !important;}&#8221;][vc_column width=&#8221;1\/2&#8243;]<div class=\"tm-element-heading-wrapper tm-heading-inner tm-element-align-left tm-heading-with-separator \">[vc_cta h2=\"Warum Sie sich f\u00fcr uns entscheiden sollten\"  h2_google_fonts=\"font_family:Arimo%3Aregular%2Citalic%2C700%2C700italic|font_style:700%20bold%20regular%3A700%3Anormal\"  h4=\"Unsere Erfolgstrategie\"  h4_google_fonts=\"font_family:Lato%3A100%2C100italic%2C300%2C300italic%2Cregular%2Citalic%2C700%2C700italic%2C900%2C900italic|font_style:300%20light%20regular%3A300%3Anormal\"  txt_align=\"left\"  heading_sep=\"yes\"  i_css_animation=\"\" css_animation=\"\"][\/vc_cta]<\/div> <!-- .tm-element-heading-wrapper container --> [vc_column_text]In unseren Rechtsgebieten besitzt die Kanzlei mehr als 11 Jahre Erfahrung. Erben, Nachlassverwaltungen und Betreuungen sind im Wesentlichen eines: Vertrauenssache!<\/p>\n<p>Hierf\u00fcr bedarf es individueller Konzepte und das Bewusstsein eines verantwortungsvollen Handelns. Dies k\u00f6nnen Sie von uns erwarten.[\/vc_column_text][\/vc_column][vc_column width=&#8221;1\/2&#8243;]<div class=\"tm-sbox tm-sbox-iconalign-left none     \">[vc_cta h2=\"Wir finden die besten Strategie\"  h2_google_fonts=\"font_family:Arimo%3Aregular%2Citalic%2C700%2C700italic|font_style:700%20bold%20regular%3A700%3Anormal\"  h4_google_fonts=\"font_family:Lato%3A100%2C100italic%2C300%2C300italic%2Cregular%2Citalic%2C700%2C700italic%2C900%2C900italic|font_style:300%20light%20regular%3A300%3Anormal\"  txt_align=\"left\"  heading_sep=\"no\"  shape=\"none\"  style=\"transparent\"  color=\"grey\"  btn_title=\"Lies Mehr\"  btn_style=\"text\"  btn_gradient_color_1=\"turquoise\"  btn_gradient_color_2=\"blue\"  btn_custom_background=\"#ededed\"  btn_custom_text=\"#666\"  btn_outline_custom_color=\"#666\"  btn_outline_custom_hover_background=\"#666\"  btn_outline_custom_hover_text=\"#fff\"  btn_color=\"skincolor\"  btn_size=\"md\"  add_icon=\"left\"  hover=\"none\"  main_icon_type=\"icon\"  i_type=\"linecons\"  i_icon_fontawesome=\"fa fa-thumbs-o-up\"  i_icon_openiconic=\"vc-oi vc-oi-dial\"  i_icon_typicons=\"typcn typcn-adjust-brightness\"  i_icon_entypo=\"entypo-icon entypo-icon-note\"  i_icon_linecons=\"vc_li vc_li-megaphone\"  i_color=\"white\"  i_background_style=\"rounded-less\"  i_background_color=\"skincolor\"  i_size=\"lg\"  icon_type=\"icon\"  btn_align=\"left\"  i_css_animation=\"\" css_animation=\"\"]Wir setzen uns f\u00fcr Sie ein und eruieren die f\u00fcr ihren Fall beste Strategie.[\/vc_cta]<\/div><div class=\"tm-sbox tm-sbox-iconalign-left none     \">[vc_cta h2=\"Individuelle Fallbewertung\"  h2_google_fonts=\"font_family:Arimo%3Aregular%2Citalic%2C700%2C700italic|font_style:700%20bold%20regular%3A700%3Anormal\"  h4_google_fonts=\"font_family:Lato%3A100%2C100italic%2C300%2C300italic%2Cregular%2Citalic%2C700%2C700italic%2C900%2C900italic|font_style:300%20light%20regular%3A300%3Anormal\"  txt_align=\"left\"  heading_sep=\"no\"  shape=\"none\"  style=\"transparent\"  color=\"grey\"  btn_title=\"Lies Mehr\"  btn_style=\"text\"  btn_gradient_color_1=\"turquoise\"  btn_gradient_color_2=\"blue\"  btn_custom_background=\"#ededed\"  btn_custom_text=\"#666\"  btn_outline_custom_color=\"#666\"  btn_outline_custom_hover_background=\"#666\"  btn_outline_custom_hover_text=\"#fff\"  btn_color=\"skincolor\"  btn_size=\"md\"  add_icon=\"left\"  hover=\"none\"  main_icon_type=\"icon\"  i_type=\"linecons\"  i_icon_fontawesome=\"fa fa-thumbs-o-up\"  i_icon_openiconic=\"vc-oi vc-oi-dial\"  i_icon_typicons=\"typcn typcn-adjust-brightness\"  i_icon_entypo=\"entypo-icon entypo-icon-note\"  i_icon_linecons=\"vc_li vc_li-sound\"  i_color=\"white\"  i_background_style=\"rounded-less\"  i_background_color=\"skincolor\"  i_size=\"lg\"  icon_type=\"icon\"  btn_align=\"left\"  i_css_animation=\"\" css_animation=\"\"]Wir bewerten ihren Fall auf Grundlage einer individuellen Einsch\u00e4tzung.[\/vc_cta]<\/div><div class=\"tm-sbox tm-sbox-iconalign-left none     \">[vc_cta h2=\"Ihr gutes Recht\"  h2_google_fonts=\"font_family:Arimo%3Aregular%2Citalic%2C700%2C700italic|font_style:700%20bold%20regular%3A700%3Anormal\"  h4_google_fonts=\"font_family:Lato%3A100%2C100italic%2C300%2C300italic%2Cregular%2Citalic%2C700%2C700italic%2C900%2C900italic|font_style:300%20light%20regular%3A300%3Anormal\"  txt_align=\"left\"  heading_sep=\"no\"  shape=\"none\"  style=\"transparent\"  color=\"grey\"  btn_title=\"Lies Mehr\"  btn_style=\"text\"  btn_gradient_color_1=\"turquoise\"  btn_gradient_color_2=\"blue\"  btn_custom_background=\"#ededed\"  btn_custom_text=\"#666\"  btn_outline_custom_color=\"#666\"  btn_outline_custom_hover_background=\"#666\"  btn_outline_custom_hover_text=\"#fff\"  btn_color=\"skincolor\"  btn_size=\"md\"  add_icon=\"left\"  hover=\"none\"  main_icon_type=\"icon\"  i_type=\"linecons\"  i_icon_fontawesome=\"fa fa-thumbs-o-up\"  i_icon_openiconic=\"vc-oi vc-oi-dial\"  i_icon_typicons=\"typcn typcn-adjust-brightness\"  i_icon_entypo=\"entypo-icon entypo-icon-note\"  i_icon_linecons=\"vc_li vc_li-diamond\"  i_color=\"white\"  i_background_style=\"rounded-less\"  i_background_color=\"skincolor\"  i_size=\"lg\"  icon_type=\"icon\"  btn_align=\"left\"  i_css_animation=\"\" css_animation=\"\"]Wir k\u00e4mpfen f\u00fcr ihr gutes Recht mit Verantwortung und Augenma\u00df.[\/vc_cta]<\/div>[\/vc_column][\/vc_row][vc_row full_width=&#8221;stretch_row&#8221; bgtype=&#8221;skin&#8221; css=&#8221;.vc_custom_1459590346473{padding-top: 90px !important;padding-bottom: 50px !important;background-image: url(https:\/\/www.richterkanzlei.de\/wordpress\/wp-content\/uploads\/2014\/07\/rowbg-img1.jpg?id=10751) !important;background-position: center !important;background-repeat: no-repeat !important;background-size: cover !important;}&#8221;][vc_column width=&#8221;1\/4&#8243;]\n\t\t\t<div class=\"tm-fid inside tm-fid-icon-align-top tm-fid-with-icon\">\n\t\t\t\t<div class=\"tm-fid-icon-wrapper\"><i class=\"vc_li vc_li-heart\"><\/i><\/div>\n\t\t\t\t<div class=\"tm-fld-contents\">\n\t\t\t\t\t<h4 class=\"tm-fid-inner\">\n\t\t\t\t\t\t\n\t\t\t\t\t\t<span data-appear-animation=\"animateDigits\" data-from=\"0\" data-to=\"7\" data-interval=\"5\" data-before=\"\" data-before-style=\"sup\" data-after=\"\" data-after-style=\"sub\">7<\/span>\n\t\t\t\t\t\t\n\t\t\t\t\t<\/h4>\n\t\t\t\t\t<h3><span>Rechtsgebiete<br><\/span><\/h3>\n\t\t\t\t<\/div><!-- .tm-fld-contents -->\n\t\t\t\t\n\t\t\t<\/div>[\/vc_column][vc_column width=&#8221;1\/4&#8243;]\n\t\t\t<div class=\"tm-fid inside tm-fid-icon-align-top tm-fid-with-icon\">\n\t\t\t\t<div class=\"tm-fid-icon-wrapper\"><i class=\"vc_li vc_li-like\"><\/i><\/div>\n\t\t\t\t<div class=\"tm-fld-contents\">\n\t\t\t\t\t<h4 class=\"tm-fid-inner\">\n\t\t\t\t\t\t\n\t\t\t\t\t\t<span data-appear-animation=\"animateDigits\" data-from=\"0\" data-to=\"11\" data-interval=\"5\" data-before=\"\" data-before-style=\"sup\" data-after=\"\" data-after-style=\"sub\">11<\/span>\n\t\t\t\t\t\t\n\t\t\t\t\t<\/h4>\n\t\t\t\t\t<h3><span>Jahre Erfahrung<br><\/span><\/h3>\n\t\t\t\t<\/div><!-- .tm-fld-contents -->\n\t\t\t\t\n\t\t\t<\/div>[\/vc_column][vc_column width=&#8221;1\/4&#8243;]\n\t\t\t<div class=\"tm-fid inside tm-fid-icon-align-top tm-fid-with-icon\">\n\t\t\t\t<div class=\"tm-fid-icon-wrapper\"><i class=\"vc_li vc_li-bulb\"><\/i><\/div>\n\t\t\t\t<div class=\"tm-fld-contents\">\n\t\t\t\t\t<h4 class=\"tm-fid-inner\">\n\t\t\t\t\t\t\n\t\t\t\t\t\t<span data-appear-animation=\"animateDigits\" data-from=\"0\" data-to=\"12\" data-interval=\"5\" data-before=\"\" data-before-style=\"sup\" data-after=\"\" data-after-style=\"sub\">12<\/span>\n\t\t\t\t\t\t\n\t\t\t\t\t<\/h4>\n\t\t\t\t\t<h3><span>Netzwerkpartner<br><\/span><\/h3>\n\t\t\t\t<\/div><!-- .tm-fld-contents -->\n\t\t\t\t\n\t\t\t<\/div>[\/vc_column][vc_column width=&#8221;1\/4&#8243;]\n\t\t\t<div class=\"tm-fid inside tm-fid-icon-align-top tm-fid-with-icon\">\n\t\t\t\t<div class=\"tm-fid-icon-wrapper\"><i class=\"vc_li vc_li-lab\"><\/i><\/div>\n\t\t\t\t<div class=\"tm-fld-contents\">\n\t\t\t\t\t<h4 class=\"tm-fid-inner\">\n\t\t\t\t\t\t\n\t\t\t\t\t\t<span data-appear-animation=\"animateDigits\" data-from=\"0\" data-to=\"6\" data-interval=\"5\" data-before=\"\" data-before-style=\"sup\" data-after=\"\" data-after-style=\"sub\">6<\/span>\n\t\t\t\t\t\t\n\t\t\t\t\t<\/h4>\n\t\t\t\t\t<h3><span>Fortbildungen pro Jahr<br><\/span><\/h3>\n\t\t\t\t<\/div><!-- .tm-fld-contents -->\n\t\t\t\t\n\t\t\t<\/div>[\/vc_column][\/vc_row]<\/p>\n","protected":false},"excerpt":{"rendered":"<p>[vc_row css=&#8221;.vc_custom_1457085783072{padding-bottom: 70px !important;}&#8221;][vc_column width=&#8221;1\/2&#8243;][vc_column_text]In unseren Rechtsgebieten besitzt die Kanzlei mehr als 11 Jahre Erfahrung. Erben, Nachlassverwaltungen und Betreuungen sind im Wesentlichen eines: Vertrauenssache! Hierf\u00fcr bedarf es individueller Konzepte und das Bewusstsein eines verantwortungsvollen Handelns. Dies k\u00f6nnen Sie von uns erwarten.[\/vc_column_text][\/vc_column][vc_column width=&#8221;1\/2&#8243;][\/vc_column][\/vc_row][vc_row full_width=&#8221;stretch_row&#8221; bgtype=&#8221;skin&#8221; css=&#8221;.vc_custom_1459590346473{padding-top: 90px !important;padding-bottom: 50px !important;background-image: url(https:\/\/www.richterkanzlei.de\/wordpress\/wp-content\/uploads\/2014\/07\/rowbg-img1.jpg?id=10751) !important;background-position: center !important;background-repeat: no-repeat !important;background-size: [&hellip;]<\/p>\n","protected":false},"author":1,"featured_media":0,"parent":0,"menu_order":5,"comment_status":"closed","ping_status":"open","template":"","meta":{"footnotes":""},"class_list":["post-77","page","type-page","status-publish","hentry"],"_links":{"self":[{"href":"https:\/\/www.richterkanzlei.de\/index.php\/wp-json\/wp\/v2\/pages\/77","targetHints":{"allow":["GET"]}}],"collection":[{"href":"https:\/\/www.richterkanzlei.de\/index.php\/wp-json\/wp\/v2\/pages"}],"about":[{"href":"https:\/\/www.richterkanzlei.de\/index.php\/wp-json\/wp\/v2\/types\/page"}],"author":[{"embeddable":true,"href":"https:\/\/www.richterkanzlei.de\/index.php\/wp-json\/wp\/v2\/users\/1"}],"replies":[{"embeddable":true,"href":"https:\/\/www.richterkanzlei.de\/index.php\/wp-json\/wp\/v2\/comments?post=77"}],"version-history":[{"count":5,"href":"https:\/\/www.richterkanzlei.de\/index.php\/wp-json\/wp\/v2\/pages\/77\/revisions"}],"predecessor-version":[{"id":11082,"href":"https:\/\/www.richterkanzlei.de\/index.php\/wp-json\/wp\/v2\/pages\/77\/revisions\/11082"}],"wp:attachment":[{"href":"https:\/\/www.richterkanzlei.de\/index.php\/wp-json\/wp\/v2\/media?parent=77"}],"curies":[{"name":"wp","href":"https:\/\/api.w.org\/{rel}","templated":true}]}}